{"id":996,"date":"2017-09-22T13:16:43","date_gmt":"2017-09-22T13:16:43","guid":{"rendered":"http:\/\/dummy.xtemos.com\/woodmart\/demos\/?page_id=996"},"modified":"2023-05-02T14:22:56","modified_gmt":"2023-05-02T14:22:56","slug":"about-factory","status":"publish","type":"page","link":"https:\/\/www.ilgazyegder.org\/?page_id=996","title":{"rendered":"Hakk\u0131nda"},"content":{"rendered":"<pre><div class=\"sc_player_container1\"><input type=\"button\" id=\"btnplay_69e37825129c85.44767508\" class=\"myButton_play\" onClick=\"play_mp3('play','69e37825129c85.44767508','https:\/\/www.ilgazyegder.org\/wp-content\/uploads\/2023\/05\/Ilgaz-Anadolunun-Sen-Yuce-Bir-Dagisin-Altyazili.mp3','80','false');show_hide('play','69e37825129c85.44767508');\" \/><input type=\"button\"  id=\"btnstop_69e37825129c85.44767508\" style=\"display:none\" class=\"myButton_stop\" onClick=\"play_mp3('stop','69e37825129c85.44767508','','80','false');show_hide('stop','69e37825129c85.44767508');\" \/><div id=\"sm2-container\"><!-- flash movie ends up here --><\/div><\/div><script type=\"text\/javascript\" charset=\"utf-8\">\r\nsoundManager.setup({\r\n\turl: 'https:\/\/www.ilgazyegder.org\/wp-content\/plugins\/compact-wp-audio-player\/swf\/soundmanager2.swf',\r\n\tonready: function() {\r\n\t\tvar mySound = soundManager.createSound({\r\n\t\tid: 'btnplay_69e37825129c85.44767508',\r\n\t\tvolume: '80',\r\n\t\turl: 'https:\/\/www.ilgazyegder.org\/wp-content\/uploads\/2023\/05\/Ilgaz-Anadolunun-Sen-Yuce-Bir-Dagisin-Altyazili.mp3'\r\n\t\t});\r\n\t\tvar auto_loop = 'false';\r\n\t\tmySound.play({\r\n    \t\tonfinish: function() {\r\n\t\t\t\tif(auto_loop == 'true'){\r\n\t\t\t\t\tloopSound('btnplay_69e37825129c85.44767508');\r\n\t\t\t\t}\r\n\t\t\t\telse{\r\n\t\t\t\t\tdocument.getElementById('btnplay_69e37825129c85.44767508').style.display = 'inline';\r\n\t\t\t\t\tdocument.getElementById('btnstop_69e37825129c85.44767508').style.display = 'none';\r\n\t\t\t\t}\r\n    \t\t}\r\n\t\t});\r\n\t\tdocument.getElementById('btnplay_69e37825129c85.44767508').style.display = 'none';\r\n                document.getElementById('btnstop_69e37825129c85.44767508').style.display = 'inline';\r\n\t},\r\n\tontimeout: function() {\r\n\t\t\/\/ SM2 could not start. Missing SWF? Flash blocked? Show an error.\r\n\t\talert('Error! Audio player failed to load.');\r\n\t}\r\n});\r\n<\/script><\/pre>\n<p>LEADER Yakla\u015f\u0131m\u0131 (Liaison Entre Actions de Developpement de I\u2019Economie Rurale) Avrupa Birli\u011fi \u00fcye \u00fclkelerinde 30 y\u0131ld\u0131r uygulanmakta olan ve 5000\u2019e yak\u0131n Yerel Eylem Grubu\u2019nun bulundu\u011fu K\u0131rsal Kalk\u0131nma modelidir. LEADER, k\u0131rsal alanlar i\u00e7in s\u00fcrd\u00fcr\u00fclebilir kalk\u0131nma stratejilerinin haz\u0131rlanmas\u0131 ve uygulanmas\u0131nda yerel kat\u0131l\u0131m ve ortakl\u0131\u011f\u0131 te\u015fvik etmek amac\u0131yla k\u0131rsal politikalar\u0131 geli\u015ftirmek i\u00e7in tasarlanm\u0131\u015f bir yakla\u015f\u0131md\u0131r. Yerel akt\u00f6rlerin kendi yerel b\u00f6lgelerinde uygulanacak projeler ve ger\u00e7ekle\u015ftirilecek strateji ile ilgili olarak karar alma s\u00fcre\u00e7lerine kat\u0131lmalar\u0131 anlam\u0131na gelmektedir. LEADER Yakla\u015f\u0131m\u0131, k\u0131rsal alanlar i\u00e7in s\u00fcrd\u00fcr\u00fclebilir kalk\u0131nma stratejilerinin haz\u0131rlanmas\u0131 ve uygulanmas\u0131nda yerel kat\u0131l\u0131m ve ortakl\u0131\u011f\u0131 te\u015fvik etmek sureti ile k\u0131rsal politikalar\u0131 geli\u015ftirmek i\u00e7in \u00e7ok de\u011ferli bir kaynakt\u0131r. Ilgaz Yerel Eylem Grubu Derne\u011fi taraf\u0131ndan haz\u0131rlanan Yerel Kalk\u0131nma Stratejisi LEADER Tedbiri\u2019nden yararlanmaya uygun g\u00f6r\u00fclm\u00fc\u015f ve bu s\u00fcre\u00e7te yap\u0131lan ba\u015far\u0131l\u0131 \u00e7al\u0131\u015fmalar bu tedbirin \u00fclkemizde uygulanabilirli\u011fi kanaatinin olu\u015fmas\u0131na katk\u0131 sa\u011flam\u0131\u015ft\u0131r. Ilgaz Yerel Eylem Grubu Derne\u011fi (ILGAZYEGDER) 14.07.2021 tarihinde Dernekler Kanunu\u2019na uygun olarak kurulmu\u015f t\u00fczel ki\u015fili\u011fe sahip bir dernektir. Genel Kurul, Y\u00f6netim Kurulu ve Denetleme Kurulu gibi 3 y\u00f6netim organ\u0131na sahiptir. Y\u00f6netim kurulu yap\u0131 olarak Kamu, Sivil Toplum Kurulu\u015flar\u0131, \u00d6zel Sekt\u00f6r temsilcileri, en az bir kad\u0131n \u00fcye ve en az bir 25 ya\u015f alt\u0131 \u00fcyeden olu\u015fmaktad\u0131r.<\/p>\n<p>Toplant\u0131lar, GZFT ve Payda\u015f Analizleri sonucunda yap\u0131lan de\u011ferlendirmelerle ILGAZ il\u00e7esi i\u00e7in \u00f6ncelikli temalar a\u015fa\u011f\u0131daki \u015fekliyle belirlenmi\u015ftir.<\/p>\n<p><strong>TEMA 1<\/strong>&#8211; K\u0131rsal Ekonomik Faaliyetlerin \u00c7e\u015fitlendirilmesine Y\u00f6nelik Olarak Kaliteli \u00dcr\u00fcnleri, El Sanatlar\u0131 ve di\u011fer Faaliyetleri \u0130\u00e7eren K\u0131sa Tedarik Zincirlerinin ve Katma De\u011ferli \u00dcr\u00fcnlerin Geli\u015ftirilmesi<\/p>\n<p><strong>TEMA 2-<\/strong>\u00a0Yerel, Do\u011fal ve K\u00fclt\u00fcrel Kaynaklar\u0131n Kullan\u0131m\u0131na Dayal\u0131 K\u0131rsal Turizm \u00dcr\u00fcnlerinin Geli\u015ftirilmesi<\/p>\n<p><strong>TEMA 3-<\/strong>\u00a0Toplulu\u011fun K\u00fclt\u00fcrel ve Sosyal Ya\u015fam\u0131n\u0131n Geli\u015ftirilmesi ve Yerel \u00d6rg\u00fctlerin, Derneklerin ve Sivil Toplum \u00d6rg\u00fctlerinin (kad\u0131n gruplar\u0131 dahil) Desteklenmesi<\/p>\n<p><strong>TEMA 4-<\/strong>\u00a0Yerel Eylem Gruplar\u0131 A\u011f\u0131, En iyi Uygulama De\u011fi\u015fimi, IPARD Program\u0131n\u0131n Yay\u0131lmas\u0131 ve K\u0131rsal Kalk\u0131nmaya Yeni Yakla\u015f\u0131mlar\u0131n \u00d6\u011frenilmesi<\/p>\n<p>V\u0130ZYONUMUZ: Ilgaz\u2019\u0131n tar\u0131m, turizm, k\u00fclt\u00fcrel ve toplumsal kaynaklar\u0131yla kendi kendine yetebilen ve kendini her alanda geli\u015ftirebilen bir il\u00e7e haline d\u00f6n\u00fc\u015fmesine katk\u0131da bulunmak.<\/p>\n","protected":false},"excerpt":{"rendered":"<p>LEADER Yakla\u015f\u0131m\u0131 (Liaison Entre Actions de Developpement de I\u2019Economie Rurale) Avrupa Birli\u011fi \u00fcye \u00fclkelerinde 30 y\u0131ld\u0131r uygulanmakta olan ve 5000\u2019e yak\u0131n Yerel Eylem Grubu\u2019nun bulundu\u011fu K\u0131rsal Kalk\u0131nma modelidir. LEADER, k\u0131rsal alanlar i\u00e7in s\u00fcrd\u00fcr\u00fclebilir kalk\u0131nma stratejilerinin haz\u0131rlanmas\u0131 ve uygulanmas\u0131nda yerel kat\u0131l\u0131m ve ortakl\u0131\u011f\u0131 te\u015fvik etmek amac\u0131yla k\u0131rsal politikalar\u0131 geli\u015ftirmek i\u00e7in tasarlanm\u0131\u015f bir yakla\u015f\u0131md\u0131r. Yerel akt\u00f6rlerin kendi [&hellip;]<\/p>\n","protected":false},"author":1,"featured_media":0,"parent":7461,"menu_order":0,"comment_status":"closed","ping_status":"closed","template":"","meta":{"footnotes":""},"class_list":["post-996","page","type-page","status-publish","hentry"],"_links":{"self":[{"href":"https:\/\/www.ilgazyegder.org\/index.php?rest_route=\/wp\/v2\/pages\/996","targetHints":{"allow":["GET"]}}],"collection":[{"href":"https:\/\/www.ilgazyegder.org\/index.php?rest_route=\/wp\/v2\/pages"}],"about":[{"href":"https:\/\/www.ilgazyegder.org\/index.php?rest_route=\/wp\/v2\/types\/page"}],"author":[{"embeddable":true,"href":"https:\/\/www.ilgazyegder.org\/index.php?rest_route=\/wp\/v2\/users\/1"}],"replies":[{"embeddable":true,"href":"https:\/\/www.ilgazyegder.org\/index.php?rest_route=%2Fwp%2Fv2%2Fcomments&post=996"}],"version-history":[{"count":10,"href":"https:\/\/www.ilgazyegder.org\/index.php?rest_route=\/wp\/v2\/pages\/996\/revisions"}],"predecessor-version":[{"id":14886,"href":"https:\/\/www.ilgazyegder.org\/index.php?rest_route=\/wp\/v2\/pages\/996\/revisions\/14886"}],"up":[{"embeddable":true,"href":"https:\/\/www.ilgazyegder.org\/index.php?rest_route=\/wp\/v2\/pages\/7461"}],"wp:attachment":[{"href":"https:\/\/www.ilgazyegder.org\/index.php?rest_route=%2Fwp%2Fv2%2Fmedia&parent=996"}],"curies":[{"name":"wp","href":"https:\/\/api.w.org\/{rel}","templated":true}]}}