{"id":7623,"date":"2023-04-27T13:10:44","date_gmt":"2023-04-27T13:10:44","guid":{"rendered":"https:\/\/www.ilgazyegder.org\/?page_id=7623"},"modified":"2025-03-07T11:49:32","modified_gmt":"2025-03-07T11:49:32","slug":"iletisim","status":"publish","type":"page","link":"https:\/\/www.ilgazyegder.org\/?page_id=7623","title":{"rendered":"\u0130leti\u015fim"},"content":{"rendered":"\t\t<div data-elementor-type=\"wp-page\" data-elementor-id=\"7623\" class=\"elementor elementor-7623\">\n\t\t\t\t\t\t\t\t\t<section class=\"elementor-section elementor-top-section elementor-element elementor-element-2547861d elementor-section-boxed elementor-section-height-default elementor-section-height-default\" data-id=\"2547861d\" data-element_type=\"section\">\n\t\t\t\t\t\t<div class=\"elementor-container elementor-column-gap-default\">\n\t\t\t\t\t<div class=\"elementor-column elementor-col-100 elementor-top-column elementor-element elementor-element-5bb19e46\" data-id=\"5bb19e46\" data-element_type=\"column\">\n\t\t\t<div class=\"elementor-widget-wrap elementor-element-populated\">\n\t\t\t\t\t\t\t\t<div class=\"elementor-element elementor-element-26e8627 elementor-widget elementor-widget-google_maps\" data-id=\"26e8627\" data-element_type=\"widget\" data-widget_type=\"google_maps.default\">\n\t\t\t\t<div class=\"elementor-widget-container\">\n\t\t\t<style>\/*! elementor - v3.12.2 - 23-04-2023 *\/\n.elementor-widget-google_maps .elementor-widget-container{overflow:hidden}.elementor-widget-google_maps .elementor-custom-embed{line-height:0}.elementor-widget-google_maps iframe{height:300px}<\/style>\t\t<div class=\"elementor-custom-embed\">\n\t\t\t<iframe loading=\"lazy\"\n\t\t\t\t\tsrc=\"https:\/\/maps.google.com\/maps?q=Gazidede%20Mah.%20%C4%B0stanbul%20Cad.%20%20no%3A60%20Ilgaz%20il%C3%A7e%20Tar%C4%B1m%20m%C3%BCd%C3%BCrl%C3%BC%C4%9F%C3%BC%20Binas%C4%B1%20Ilgaz%2F%C3%87ank%C4%B1r%C4%B1&#038;t=m&#038;z=15&#038;output=embed&#038;iwloc=near\"\n\t\t\t\t\ttitle=\"Gazidede Mah. \u0130stanbul Cad.  no:60 Ilgaz il\u00e7e Tar\u0131m m\u00fcd\u00fcrl\u00fc\u011f\u00fc Binas\u0131 Ilgaz\/\u00c7ank\u0131r\u0131\"\n\t\t\t\t\taria-label=\"Gazidede Mah. \u0130stanbul Cad.  no:60 Ilgaz il\u00e7e Tar\u0131m m\u00fcd\u00fcrl\u00fc\u011f\u00fc Binas\u0131 Ilgaz\/\u00c7ank\u0131r\u0131\"\n\t\t\t><\/iframe>\n\t\t<\/div>\n\t\t\t\t<\/div>\n\t\t\t\t<\/div>\n\t\t\t\t<div class=\"elementor-element elementor-element-1d2be69c elementor-widget elementor-widget-text-editor\" data-id=\"1d2be69c\" data-element_type=\"widget\" data-widget_type=\"text-editor.default\">\n\t\t\t\t<div class=\"elementor-widget-container\">\n\t\t\t<style>\/*! elementor - v3.12.2 - 23-04-2023 *\/\n.elementor-widget-text-editor.elementor-drop-cap-view-stacked .elementor-drop-cap{background-color:#69727d;color:#fff}.elementor-widget-text-editor.elementor-drop-cap-view-framed .elementor-drop-cap{color:#69727d;border:3px solid;background-color:transparent}.elementor-widget-text-editor:not(.elementor-drop-cap-view-default) .elementor-drop-cap{margin-top:8px}.elementor-widget-text-editor:not(.elementor-drop-cap-view-default) .elementor-drop-cap-letter{width:1em;height:1em}.elementor-widget-text-editor .elementor-drop-cap{float:left;text-align:center;line-height:1;font-size:50px}.elementor-widget-text-editor .elementor-drop-cap-letter{display:inline-block}<\/style>\t\t\t\t<p style=\"text-align: center;\"><strong>Ilgaz Yerel Eylem Grubu Derne\u011fi<\/strong><\/p><p style=\"text-align: center;\"><strong>Gazidede Mah. \u0130stanbul Cad. No:60 <\/strong><\/p><p style=\"text-align: center;\"><strong>Ilgaz \u0130l\u00e7e Tar\u0131m M\u00fcd\u00fcrl\u00fc\u011f\u00fc Binas\u0131 <\/strong><\/p><p style=\"text-align: center;\"><strong>Ilgaz\/\u00c7ank\u0131r\u0131<\/strong><\/p><p style=\"text-align: center;\"><strong>Telefon: <\/strong><strong>\u00a00507 226 27 18<\/strong><\/p>\t\t\t\t\t\t<\/div>\n\t\t\t\t<\/div>\n\t\t\t\t\t<\/div>\n\t\t<\/div>\n\t\t\t\t\t\t\t<\/div>\n\t\t<\/section>\n\t\t\t\t\t\t\t<\/div>\n\t\t","protected":false},"excerpt":{"rendered":"<p>Ilgaz Yerel Eylem Grubu Derne\u011fi Gazidede Mah. \u0130stanbul Cad. No:60 Ilgaz \u0130l\u00e7e Tar\u0131m M\u00fcd\u00fcrl\u00fc\u011f\u00fc Binas\u0131 Ilgaz\/\u00c7ank\u0131r\u0131 Telefon: \u00a00507 226 27 18<\/p>\n","protected":false},"author":1,"featured_media":0,"parent":0,"menu_order":0,"comment_status":"closed","ping_status":"closed","template":"","meta":{"footnotes":""},"class_list":["post-7623","page","type-page","status-publish","hentry"],"_links":{"self":[{"href":"https:\/\/www.ilgazyegder.org\/index.php?rest_route=\/wp\/v2\/pages\/7623","targetHints":{"allow":["GET"]}}],"collection":[{"href":"https:\/\/www.ilgazyegder.org\/index.php?rest_route=\/wp\/v2\/pages"}],"about":[{"href":"https:\/\/www.ilgazyegder.org\/index.php?rest_route=\/wp\/v2\/types\/page"}],"author":[{"embeddable":true,"href":"https:\/\/www.ilgazyegder.org\/index.php?rest_route=\/wp\/v2\/users\/1"}],"replies":[{"embeddable":true,"href":"https:\/\/www.ilgazyegder.org\/index.php?rest_route=%2Fwp%2Fv2%2Fcomments&post=7623"}],"version-history":[{"count":23,"href":"https:\/\/www.ilgazyegder.org\/index.php?rest_route=\/wp\/v2\/pages\/7623\/revisions"}],"predecessor-version":[{"id":15847,"href":"https:\/\/www.ilgazyegder.org\/index.php?rest_route=\/wp\/v2\/pages\/7623\/revisions\/15847"}],"wp:attachment":[{"href":"https:\/\/www.ilgazyegder.org\/index.php?rest_route=%2Fwp%2Fv2%2Fmedia&parent=7623"}],"curies":[{"name":"wp","href":"https:\/\/api.w.org\/{rel}","templated":true}]}}