{"id":7158,"date":"2021-03-30T12:16:23","date_gmt":"2021-03-30T12:16:23","guid":{"rendered":"http:\/\/dummy.xtemos.com\/woodmart\/demos\/?page_id=7158"},"modified":"2025-03-07T11:47:43","modified_gmt":"2025-03-07T11:47:43","slug":"about-us-4","status":"publish","type":"page","link":"https:\/\/www.ilgazyegder.org\/?page_id=7158","title":{"rendered":"\u00dcyelerimiz"},"content":{"rendered":"\t\t<div data-elementor-type=\"wp-page\" data-elementor-id=\"7158\" class=\"elementor elementor-7158\">\n\t\t\t\t\t\t\t\t\t<section class=\"elementor-section elementor-top-section elementor-element elementor-element-2d732406 elementor-section-boxed elementor-section-height-default elementor-section-height-default\" data-id=\"2d732406\" data-element_type=\"section\">\n\t\t\t\t\t\t<div class=\"elementor-container elementor-column-gap-default\">\n\t\t\t\t\t<div class=\"elementor-column elementor-col-100 elementor-top-column elementor-element elementor-element-6e0e9b61\" data-id=\"6e0e9b61\" data-element_type=\"column\">\n\t\t\t<div class=\"elementor-widget-wrap elementor-element-populated\">\n\t\t\t\t\t\t\t\t<div class=\"elementor-element elementor-element-4b4d957b elementor-widget elementor-widget-text-editor\" data-id=\"4b4d957b\" data-element_type=\"widget\" data-widget_type=\"text-editor.default\">\n\t\t\t\t<div class=\"elementor-widget-container\">\n\t\t\t<style>\/*! elementor - v3.12.2 - 23-04-2023 *\/\n.elementor-widget-text-editor.elementor-drop-cap-view-stacked .elementor-drop-cap{background-color:#69727d;color:#fff}.elementor-widget-text-editor.elementor-drop-cap-view-framed .elementor-drop-cap{color:#69727d;border:3px solid;background-color:transparent}.elementor-widget-text-editor:not(.elementor-drop-cap-view-default) .elementor-drop-cap{margin-top:8px}.elementor-widget-text-editor:not(.elementor-drop-cap-view-default) .elementor-drop-cap-letter{width:1em;height:1em}.elementor-widget-text-editor .elementor-drop-cap{float:left;text-align:center;line-height:1;font-size:50px}.elementor-widget-text-editor .elementor-drop-cap-letter{display:inline-block}<\/style>\t\t\t\t<p style=\"text-align: center;\"><strong>\u0130smail Demirci<\/strong>\nBa\u015fkan<\/p>\n<p style=\"text-align: center;\"><strong>Ayhan Da\u011fdeviren<\/strong>\nBa\u015fkan Yard\u0131mc\u0131s\u0131<\/p>\n<p style=\"text-align: center;\"><strong>Ahmet T\u00fcter<\/strong>\n\u00dcye<\/p>\n<p style=\"text-align: center;\"><strong>R\u0131dvan Bilge Sertel<\/strong>\n\u00dcye<\/p>\n<p style=\"text-align: center;\"><strong>Nilay \u00d6zdemir<\/strong>\n\u00dcye<\/p>\n<p style=\"text-align: center;\"><strong>Sultan Yavan<\/strong>\n\u00dcye<\/p>\n<p style=\"text-align: center;\"><strong>Muhammed Enes D\u0130LS\u0130Z<\/strong>\n\u00dcye<\/p>\t\t\t\t\t\t<\/div>\n\t\t\t\t<\/div>\n\t\t\t\t\t<\/div>\n\t\t<\/div>\n\t\t\t\t\t\t\t<\/div>\n\t\t<\/section>\n\t\t\t\t\t\t\t<\/div>\n\t\t","protected":false},"excerpt":{"rendered":"<p>\u0130smail Demirci Ba\u015fkan Ayhan Da\u011fdeviren Ba\u015fkan Yard\u0131mc\u0131s\u0131 Ahmet T\u00fcter \u00dcye R\u0131dvan Bilge Sertel \u00dcye Nilay \u00d6zdemir \u00dcye Sultan Yavan \u00dcye Muhammed Enes D\u0130LS\u0130Z \u00dcye<\/p>\n","protected":false},"author":1,"featured_media":0,"parent":7461,"menu_order":0,"comment_status":"closed","ping_status":"closed","template":"","meta":{"footnotes":""},"class_list":["post-7158","page","type-page","status-publish","hentry"],"_links":{"self":[{"href":"https:\/\/www.ilgazyegder.org\/index.php?rest_route=\/wp\/v2\/pages\/7158","targetHints":{"allow":["GET"]}}],"collection":[{"href":"https:\/\/www.ilgazyegder.org\/index.php?rest_route=\/wp\/v2\/pages"}],"about":[{"href":"https:\/\/www.ilgazyegder.org\/index.php?rest_route=\/wp\/v2\/types\/page"}],"author":[{"embeddable":true,"href":"https:\/\/www.ilgazyegder.org\/index.php?rest_route=\/wp\/v2\/users\/1"}],"replies":[{"embeddable":true,"href":"https:\/\/www.ilgazyegder.org\/index.php?rest_route=%2Fwp%2Fv2%2Fcomments&post=7158"}],"version-history":[{"count":8,"href":"https:\/\/www.ilgazyegder.org\/index.php?rest_route=\/wp\/v2\/pages\/7158\/revisions"}],"predecessor-version":[{"id":15841,"href":"https:\/\/www.ilgazyegder.org\/index.php?rest_route=\/wp\/v2\/pages\/7158\/revisions\/15841"}],"up":[{"embeddable":true,"href":"https:\/\/www.ilgazyegder.org\/index.php?rest_route=\/wp\/v2\/pages\/7461"}],"wp:attachment":[{"href":"https:\/\/www.ilgazyegder.org\/index.php?rest_route=%2Fwp%2Fv2%2Fmedia&parent=7158"}],"curies":[{"name":"wp","href":"https:\/\/api.w.org\/{rel}","templated":true}]}}