{"id":228,"date":"2019-09-26T09:36:26","date_gmt":"2019-09-26T09:36:26","guid":{"rendered":"http:\/\/wordpress.templatemela.com\/woo\/WCM05\/WCM050116\/elementor\/?page_id=228"},"modified":"2024-01-16T13:12:42","modified_gmt":"2024-01-16T13:12:42","slug":"gallery","status":"publish","type":"page","link":"https:\/\/www.ilgazyegder.org\/?page_id=228","title":{"rendered":"Galeri"},"content":{"rendered":"\t\t<div data-elementor-type=\"wp-page\" data-elementor-id=\"228\" class=\"elementor elementor-228\">\n\t\t\t\t\t\t\t\t\t<section class=\"elementor-section elementor-top-section elementor-element elementor-element-c118128 elementor-section-boxed elementor-section-height-default elementor-section-height-default\" data-id=\"c118128\" data-element_type=\"section\">\n\t\t\t\t\t\t<div class=\"elementor-container elementor-column-gap-default\">\n\t\t\t\t\t<div class=\"elementor-column elementor-col-25 elementor-top-column elementor-element elementor-element-a86d760\" data-id=\"a86d760\" data-element_type=\"column\">\n\t\t\t<div class=\"elementor-widget-wrap elementor-element-populated\">\n\t\t\t\t\t\t\t\t<div class=\"elementor-element elementor-element-8e78d2d elementor-widget elementor-widget-image\" data-id=\"8e78d2d\" data-element_type=\"widget\" data-widget_type=\"image.default\">\n\t\t\t\t<div class=\"elementor-widget-container\">\n\t\t\t<style>\/*! elementor - v3.12.2 - 23-04-2023 *\/\n.elementor-widget-image{text-align:center}.elementor-widget-image a{display:inline-block}.elementor-widget-image a img[src$=\".svg\"]{width:48px}.elementor-widget-image img{vertical-align:middle;display:inline-block}<\/style>\t\t\t\t\t\t\t\t\t<figure class=\"wp-caption\">\n\t\t\t\t\t\t\t\t\t\t\t<a href=\"https:\/\/www.ilgazyegder.org\/?page_id=15113\">\n\t\t\t\t\t\t\t<img loading=\"lazy\" decoding=\"async\" width=\"600\" height=\"450\" src=\"https:\/\/www.ilgazyegder.org\/wp-content\/uploads\/2023\/05\/Jura-Hotels-Ilgaz-Mountain-Resort-Genel-352843.jpg\" class=\"attachment-medium_large size-medium_large wp-image-15102\" alt=\"\" srcset=\"https:\/\/www.ilgazyegder.org\/wp-content\/uploads\/2023\/05\/Jura-Hotels-Ilgaz-Mountain-Resort-Genel-352843.jpg 600w, https:\/\/www.ilgazyegder.org\/wp-content\/uploads\/2023\/05\/Jura-Hotels-Ilgaz-Mountain-Resort-Genel-352843-300x225.jpg 300w\" sizes=\"auto, (max-width: 600px) 100vw, 600px\" \/>\t\t\t\t\t\t\t\t<\/a>\n\t\t\t\t\t\t\t\t\t\t\t<figcaption class=\"widget-image-caption wp-caption-text\">Ilgaz Da\u011f\u0131 Milli Park\u0131<\/figcaption>\n\t\t\t\t\t\t\t\t\t\t<\/figure>\n\t\t\t\t\t\t\t\t\t<\/div>\n\t\t\t\t<\/div>\n\t\t\t\t<div class=\"elementor-element elementor-element-0d3cae8 elementor-widget elementor-widget-image\" data-id=\"0d3cae8\" data-element_type=\"widget\" data-widget_type=\"image.default\">\n\t\t\t\t<div class=\"elementor-widget-container\">\n\t\t\t\t\t\t\t\t\t\t\t\t<figure class=\"wp-caption\">\n\t\t\t\t\t\t\t\t\t\t<img loading=\"lazy\" decoding=\"async\" width=\"768\" height=\"619\" src=\"https:\/\/www.ilgazyegder.org\/wp-content\/uploads\/2023\/05\/A-37-768x619.jpg\" class=\"attachment-medium_large size-medium_large wp-image-15293\" alt=\"\" srcset=\"https:\/\/www.ilgazyegder.org\/wp-content\/uploads\/2023\/05\/A-37-768x619.jpg 768w, https:\/\/www.ilgazyegder.org\/wp-content\/uploads\/2023\/05\/A-37-300x242.jpg 300w, https:\/\/www.ilgazyegder.org\/wp-content\/uploads\/2023\/05\/A-37-1024x826.jpg 1024w, https:\/\/www.ilgazyegder.org\/wp-content\/uploads\/2023\/05\/A-37.jpg 1431w\" sizes=\"auto, (max-width: 768px) 100vw, 768px\" \/>\t\t\t\t\t\t\t\t\t\t\t<figcaption class=\"widget-image-caption wp-caption-text\">Ilgaz Derbent \u015eehitli\u011fi<\/figcaption>\n\t\t\t\t\t\t\t\t\t\t<\/figure>\n\t\t\t\t\t\t\t\t\t<\/div>\n\t\t\t\t<\/div>\n\t\t\t\t<div class=\"elementor-element elementor-element-844ec27 elementor-widget elementor-widget-image\" data-id=\"844ec27\" data-element_type=\"widget\" data-widget_type=\"image.default\">\n\t\t\t\t<div class=\"elementor-widget-container\">\n\t\t\t\t\t\t\t\t\t\t\t\t<figure class=\"wp-caption\">\n\t\t\t\t\t\t\t\t\t\t<img loading=\"lazy\" decoding=\"async\" width=\"768\" height=\"616\" src=\"https:\/\/www.ilgazyegder.org\/wp-content\/uploads\/2023\/05\/A-27-1-768x616.jpg\" class=\"attachment-medium_large size-medium_large wp-image-15309\" alt=\"\" srcset=\"https:\/\/www.ilgazyegder.org\/wp-content\/uploads\/2023\/05\/A-27-1-768x616.jpg 768w, https:\/\/www.ilgazyegder.org\/wp-content\/uploads\/2023\/05\/A-27-1-300x240.jpg 300w, https:\/\/www.ilgazyegder.org\/wp-content\/uploads\/2023\/05\/A-27-1-1024x821.jpg 1024w, https:\/\/www.ilgazyegder.org\/wp-content\/uploads\/2023\/05\/A-27-1.jpg 1436w\" sizes=\"auto, (max-width: 768px) 100vw, 768px\" \/>\t\t\t\t\t\t\t\t\t\t\t<figcaption class=\"widget-image-caption wp-caption-text\">Y\u0131ld\u0131z Tepe <\/figcaption>\n\t\t\t\t\t\t\t\t\t\t<\/figure>\n\t\t\t\t\t\t\t\t\t<\/div>\n\t\t\t\t<\/div>\n\t\t\t\t\t<\/div>\n\t\t<\/div>\n\t\t\t\t<div class=\"elementor-column elementor-col-25 elementor-top-column elementor-element elementor-element-556ecd1\" data-id=\"556ecd1\" data-element_type=\"column\">\n\t\t\t<div class=\"elementor-widget-wrap elementor-element-populated\">\n\t\t\t\t\t\t\t\t<div class=\"elementor-element elementor-element-40758df elementor-widget elementor-widget-image\" data-id=\"40758df\" data-element_type=\"widget\" data-widget_type=\"image.default\">\n\t\t\t\t<div class=\"elementor-widget-container\">\n\t\t\t\t\t\t\t\t\t\t\t\t<figure class=\"wp-caption\">\n\t\t\t\t\t\t\t\t\t\t<img loading=\"lazy\" decoding=\"async\" width=\"768\" height=\"616\" src=\"https:\/\/www.ilgazyegder.org\/wp-content\/uploads\/2023\/05\/A-6-768x616.jpg\" class=\"attachment-medium_large size-medium_large wp-image-15244\" alt=\"\" srcset=\"https:\/\/www.ilgazyegder.org\/wp-content\/uploads\/2023\/05\/A-6-768x616.jpg 768w, https:\/\/www.ilgazyegder.org\/wp-content\/uploads\/2023\/05\/A-6-300x241.jpg 300w, https:\/\/www.ilgazyegder.org\/wp-content\/uploads\/2023\/05\/A-6-1024x821.jpg 1024w, https:\/\/www.ilgazyegder.org\/wp-content\/uploads\/2023\/05\/A-6.jpg 1440w\" sizes=\"auto, (max-width: 768px) 100vw, 768px\" \/>\t\t\t\t\t\t\t\t\t\t\t<figcaption class=\"widget-image-caption wp-caption-text\">Ilgaz Ku\u015f Bak\u0131\u015f\u0131<\/figcaption>\n\t\t\t\t\t\t\t\t\t\t<\/figure>\n\t\t\t\t\t\t\t\t\t<\/div>\n\t\t\t\t<\/div>\n\t\t\t\t<div class=\"elementor-element elementor-element-b7c21c5 elementor-widget elementor-widget-image\" data-id=\"b7c21c5\" data-element_type=\"widget\" data-widget_type=\"image.default\">\n\t\t\t\t<div class=\"elementor-widget-container\">\n\t\t\t\t\t\t\t\t\t\t\t\t<figure class=\"wp-caption\">\n\t\t\t\t\t\t\t\t\t\t<img loading=\"lazy\" decoding=\"async\" width=\"768\" height=\"680\" src=\"https:\/\/www.ilgazyegder.org\/wp-content\/uploads\/2023\/05\/A-20-768x680.jpg\" class=\"attachment-medium_large size-medium_large wp-image-15301\" alt=\"\" srcset=\"https:\/\/www.ilgazyegder.org\/wp-content\/uploads\/2023\/05\/A-20-768x680.jpg 768w, https:\/\/www.ilgazyegder.org\/wp-content\/uploads\/2023\/05\/A-20-300x265.jpg 300w, https:\/\/www.ilgazyegder.org\/wp-content\/uploads\/2023\/05\/A-20-1024x906.jpg 1024w, https:\/\/www.ilgazyegder.org\/wp-content\/uploads\/2023\/05\/A-20.jpg 1432w\" sizes=\"auto, (max-width: 768px) 100vw, 768px\" \/>\t\t\t\t\t\t\t\t\t\t\t<figcaption class=\"widget-image-caption wp-caption-text\">Ilgaz An\u0131t A\u011fac\u0131<\/figcaption>\n\t\t\t\t\t\t\t\t\t\t<\/figure>\n\t\t\t\t\t\t\t\t\t<\/div>\n\t\t\t\t<\/div>\n\t\t\t\t<div class=\"elementor-element elementor-element-fe43267 elementor-widget elementor-widget-image\" data-id=\"fe43267\" data-element_type=\"widget\" data-widget_type=\"image.default\">\n\t\t\t\t<div class=\"elementor-widget-container\">\n\t\t\t\t\t\t\t\t\t\t\t\t<figure class=\"wp-caption\">\n\t\t\t\t\t\t\t\t\t\t<img loading=\"lazy\" decoding=\"async\" width=\"768\" height=\"691\" src=\"https:\/\/www.ilgazyegder.org\/wp-content\/uploads\/2023\/05\/A-34-1-768x691.jpg\" class=\"attachment-medium_large size-medium_large wp-image-15313\" alt=\"\" srcset=\"https:\/\/www.ilgazyegder.org\/wp-content\/uploads\/2023\/05\/A-34-1-768x691.jpg 768w, https:\/\/www.ilgazyegder.org\/wp-content\/uploads\/2023\/05\/A-34-1-300x270.jpg 300w, https:\/\/www.ilgazyegder.org\/wp-content\/uploads\/2023\/05\/A-34-1-1024x921.jpg 1024w, https:\/\/www.ilgazyegder.org\/wp-content\/uploads\/2023\/05\/A-34-1.jpg 1418w\" sizes=\"auto, (max-width: 768px) 100vw, 768px\" \/>\t\t\t\t\t\t\t\t\t\t\t<figcaption class=\"widget-image-caption wp-caption-text\">Osman G\u00f6l\u00fc<\/figcaption>\n\t\t\t\t\t\t\t\t\t\t<\/figure>\n\t\t\t\t\t\t\t\t\t<\/div>\n\t\t\t\t<\/div>\n\t\t\t\t\t<\/div>\n\t\t<\/div>\n\t\t\t\t<div class=\"elementor-column elementor-col-25 elementor-top-column elementor-element elementor-element-c30640c\" data-id=\"c30640c\" data-element_type=\"column\">\n\t\t\t<div class=\"elementor-widget-wrap elementor-element-populated\">\n\t\t\t\t\t\t\t\t<div class=\"elementor-element elementor-element-6fd9e3f elementor-widget elementor-widget-image\" data-id=\"6fd9e3f\" data-element_type=\"widget\" data-widget_type=\"image.default\">\n\t\t\t\t<div class=\"elementor-widget-container\">\n\t\t\t\t\t\t\t\t\t\t\t\t<figure class=\"wp-caption\">\n\t\t\t\t\t\t\t\t\t\t<img loading=\"lazy\" decoding=\"async\" width=\"768\" height=\"614\" src=\"https:\/\/www.ilgazyegder.org\/wp-content\/uploads\/2023\/05\/A-12-1-768x614.jpg\" class=\"attachment-medium_large size-medium_large wp-image-15248\" alt=\"\" srcset=\"https:\/\/www.ilgazyegder.org\/wp-content\/uploads\/2023\/05\/A-12-1-768x614.jpg 768w, https:\/\/www.ilgazyegder.org\/wp-content\/uploads\/2023\/05\/A-12-1-300x240.jpg 300w, https:\/\/www.ilgazyegder.org\/wp-content\/uploads\/2023\/05\/A-12-1-1024x819.jpg 1024w, https:\/\/www.ilgazyegder.org\/wp-content\/uploads\/2023\/05\/A-12-1.jpg 1444w\" sizes=\"auto, (max-width: 768px) 100vw, 768px\" \/>\t\t\t\t\t\t\t\t\t\t\t<figcaption class=\"widget-image-caption wp-caption-text\">Salman H\u00f6y\u00fck<\/figcaption>\n\t\t\t\t\t\t\t\t\t\t<\/figure>\n\t\t\t\t\t\t\t\t\t<\/div>\n\t\t\t\t<\/div>\n\t\t\t\t<div class=\"elementor-element elementor-element-0b48d0c elementor-widget elementor-widget-image\" data-id=\"0b48d0c\" data-element_type=\"widget\" data-widget_type=\"image.default\">\n\t\t\t\t<div class=\"elementor-widget-container\">\n\t\t\t\t\t\t\t\t\t\t\t\t<figure class=\"wp-caption\">\n\t\t\t\t\t\t\t\t\t\t<img loading=\"lazy\" decoding=\"async\" width=\"768\" height=\"613\" src=\"https:\/\/www.ilgazyegder.org\/wp-content\/uploads\/2023\/05\/A-32-1-768x613.jpg\" class=\"attachment-medium_large size-medium_large wp-image-15278\" alt=\"\" srcset=\"https:\/\/www.ilgazyegder.org\/wp-content\/uploads\/2023\/05\/A-32-1-768x613.jpg 768w, https:\/\/www.ilgazyegder.org\/wp-content\/uploads\/2023\/05\/A-32-1-300x240.jpg 300w, https:\/\/www.ilgazyegder.org\/wp-content\/uploads\/2023\/05\/A-32-1-1024x818.jpg 1024w, https:\/\/www.ilgazyegder.org\/wp-content\/uploads\/2023\/05\/A-32-1.jpg 1446w\" sizes=\"auto, (max-width: 768px) 100vw, 768px\" \/>\t\t\t\t\t\t\t\t\t\t\t<figcaption class=\"widget-image-caption wp-caption-text\">K\u0131rkp\u0131nar Yaylas\u0131<\/figcaption>\n\t\t\t\t\t\t\t\t\t\t<\/figure>\n\t\t\t\t\t\t\t\t\t<\/div>\n\t\t\t\t<\/div>\n\t\t\t\t<div class=\"elementor-element elementor-element-30afe8d elementor-widget elementor-widget-image\" data-id=\"30afe8d\" data-element_type=\"widget\" data-widget_type=\"image.default\">\n\t\t\t\t<div class=\"elementor-widget-container\">\n\t\t\t\t\t\t\t\t\t\t\t\t<figure class=\"wp-caption\">\n\t\t\t\t\t\t\t\t\t\t<img loading=\"lazy\" decoding=\"async\" width=\"768\" height=\"680\" src=\"https:\/\/www.ilgazyegder.org\/wp-content\/uploads\/2023\/05\/A-36-768x680.jpg\" class=\"attachment-medium_large size-medium_large wp-image-15317\" alt=\"\" srcset=\"https:\/\/www.ilgazyegder.org\/wp-content\/uploads\/2023\/05\/A-36-768x680.jpg 768w, https:\/\/www.ilgazyegder.org\/wp-content\/uploads\/2023\/05\/A-36-300x265.jpg 300w, https:\/\/www.ilgazyegder.org\/wp-content\/uploads\/2023\/05\/A-36-1024x906.jpg 1024w, https:\/\/www.ilgazyegder.org\/wp-content\/uploads\/2023\/05\/A-36.jpg 1426w\" sizes=\"auto, (max-width: 768px) 100vw, 768px\" \/>\t\t\t\t\t\t\t\t\t\t\t<figcaption class=\"widget-image-caption wp-caption-text\">Tepelice Yaylas\u0131<\/figcaption>\n\t\t\t\t\t\t\t\t\t\t<\/figure>\n\t\t\t\t\t\t\t\t\t<\/div>\n\t\t\t\t<\/div>\n\t\t\t\t\t<\/div>\n\t\t<\/div>\n\t\t\t\t<div class=\"elementor-column elementor-col-25 elementor-top-column elementor-element elementor-element-c1dafbf\" data-id=\"c1dafbf\" data-element_type=\"column\">\n\t\t\t<div class=\"elementor-widget-wrap elementor-element-populated\">\n\t\t\t\t\t\t\t\t<div class=\"elementor-element elementor-element-6340618 elementor-widget elementor-widget-image\" data-id=\"6340618\" data-element_type=\"widget\" data-widget_type=\"image.default\">\n\t\t\t\t<div class=\"elementor-widget-container\">\n\t\t\t\t\t\t\t\t\t\t\t\t<figure class=\"wp-caption\">\n\t\t\t\t\t\t\t\t\t\t<img loading=\"lazy\" decoding=\"async\" width=\"768\" height=\"673\" src=\"https:\/\/www.ilgazyegder.org\/wp-content\/uploads\/2023\/05\/A-17-768x673.jpg\" class=\"attachment-medium_large size-medium_large wp-image-15252\" alt=\"\" srcset=\"https:\/\/www.ilgazyegder.org\/wp-content\/uploads\/2023\/05\/A-17-768x673.jpg 768w, https:\/\/www.ilgazyegder.org\/wp-content\/uploads\/2023\/05\/A-17-300x263.jpg 300w, https:\/\/www.ilgazyegder.org\/wp-content\/uploads\/2023\/05\/A-17-1024x898.jpg 1024w, https:\/\/www.ilgazyegder.org\/wp-content\/uploads\/2023\/05\/A-17.jpg 1438w\" sizes=\"auto, (max-width: 768px) 100vw, 768px\" \/>\t\t\t\t\t\t\t\t\t\t\t<figcaption class=\"widget-image-caption wp-caption-text\">Gaziler K\u00f6y\u00fc Cami<\/figcaption>\n\t\t\t\t\t\t\t\t\t\t<\/figure>\n\t\t\t\t\t\t\t\t\t<\/div>\n\t\t\t\t<\/div>\n\t\t\t\t<div class=\"elementor-element elementor-element-f144f8c elementor-widget elementor-widget-image\" data-id=\"f144f8c\" data-element_type=\"widget\" data-widget_type=\"image.default\">\n\t\t\t\t<div class=\"elementor-widget-container\">\n\t\t\t\t\t\t\t\t\t\t\t\t<figure class=\"wp-caption\">\n\t\t\t\t\t\t\t\t\t\t<img loading=\"lazy\" decoding=\"async\" width=\"895\" height=\"709\" src=\"https:\/\/www.ilgazyegder.org\/wp-content\/uploads\/2023\/05\/A-104-1-1024x811.jpg\" class=\"attachment-large size-large wp-image-15305\" alt=\"\" srcset=\"https:\/\/www.ilgazyegder.org\/wp-content\/uploads\/2023\/05\/A-104-1-1024x811.jpg 1024w, https:\/\/www.ilgazyegder.org\/wp-content\/uploads\/2023\/05\/A-104-1-300x238.jpg 300w, https:\/\/www.ilgazyegder.org\/wp-content\/uploads\/2023\/05\/A-104-1-768x608.jpg 768w, https:\/\/www.ilgazyegder.org\/wp-content\/uploads\/2023\/05\/A-104-1.jpg 1436w\" sizes=\"auto, (max-width: 895px) 100vw, 895px\" \/>\t\t\t\t\t\t\t\t\t\t\t<figcaption class=\"widget-image-caption wp-caption-text\">Ilgaz Orkidesi<\/figcaption>\n\t\t\t\t\t\t\t\t\t\t<\/figure>\n\t\t\t\t\t\t\t\t\t<\/div>\n\t\t\t\t<\/div>\n\t\t\t\t<div class=\"elementor-element elementor-element-5e0bc9e elementor-widget elementor-widget-image\" data-id=\"5e0bc9e\" data-element_type=\"widget\" data-widget_type=\"image.default\">\n\t\t\t\t<div class=\"elementor-widget-container\">\n\t\t\t\t\t\t\t\t\t\t\t\t<figure class=\"wp-caption\">\n\t\t\t\t\t\t\t\t\t\t<img loading=\"lazy\" decoding=\"async\" width=\"768\" height=\"681\" src=\"https:\/\/www.ilgazyegder.org\/wp-content\/uploads\/2023\/05\/A-50-768x681.jpg\" class=\"attachment-medium_large size-medium_large wp-image-15321\" alt=\"\" srcset=\"https:\/\/www.ilgazyegder.org\/wp-content\/uploads\/2023\/05\/A-50-768x681.jpg 768w, https:\/\/www.ilgazyegder.org\/wp-content\/uploads\/2023\/05\/A-50-300x266.jpg 300w, https:\/\/www.ilgazyegder.org\/wp-content\/uploads\/2023\/05\/A-50-1024x908.jpg 1024w, https:\/\/www.ilgazyegder.org\/wp-content\/uploads\/2023\/05\/A-50.jpg 1438w\" sizes=\"auto, (max-width: 768px) 100vw, 768px\" \/>\t\t\t\t\t\t\t\t\t\t\t<figcaption class=\"widget-image-caption wp-caption-text\">\u00c7eltik Tarlalar\u0131<\/figcaption>\n\t\t\t\t\t\t\t\t\t\t<\/figure>\n\t\t\t\t\t\t\t\t\t<\/div>\n\t\t\t\t<\/div>\n\t\t\t\t\t<\/div>\n\t\t<\/div>\n\t\t\t\t\t\t\t<\/div>\n\t\t<\/section>\n\t\t\t\t<section class=\"elementor-section elementor-top-section elementor-element elementor-element-1054a56 elementor-section-boxed elementor-section-height-default elementor-section-height-default\" data-id=\"1054a56\" data-element_type=\"section\">\n\t\t\t\t\t\t<div class=\"elementor-container elementor-column-gap-default\">\n\t\t\t\t\t<div class=\"elementor-column elementor-col-100 elementor-top-column elementor-element elementor-element-7fe150a\" data-id=\"7fe150a\" data-element_type=\"column\">\n\t\t\t<div class=\"elementor-widget-wrap elementor-element-populated\">\n\t\t\t\t\t\t\t\t<div class=\"elementor-element elementor-element-62bdc3c elementor-widget elementor-widget-video\" data-id=\"62bdc3c\" data-element_type=\"widget\" data-settings=\"{&quot;youtube_url&quot;:&quot;https:\\\/\\\/www.youtube.com\\\/watch?v=5hTQ5RQ5-6Y&amp;t=11s&quot;,&quot;autoplay&quot;:&quot;yes&quot;,&quot;video_type&quot;:&quot;youtube&quot;,&quot;controls&quot;:&quot;yes&quot;}\" data-widget_type=\"video.default\">\n\t\t\t\t<div class=\"elementor-widget-container\">\n\t\t\t<style>\/*! elementor - v3.12.2 - 23-04-2023 *\/\n.elementor-widget-video .elementor-widget-container{overflow:hidden;transform:translateZ(0)}.elementor-widget-video .elementor-wrapper iframe,.elementor-widget-video .elementor-wrapper video{height:100%;width:100%;display:flex;border:none;background-color:#000}.elementor-widget-video .elementor-open-inline .elementor-custom-embed-image-overlay{position:absolute;top:0;left:0;width:100%;height:100%;background-size:cover;background-position:50%}.elementor-widget-video .elementor-custom-embed-image-overlay{cursor:pointer;text-align:center}.elementor-widget-video .elementor-custom-embed-image-overlay:hover .elementor-custom-embed-play i{opacity:1}.elementor-widget-video .elementor-custom-embed-image-overlay img{display:block;width:100%}.elementor-widget-video .e-hosted-video .elementor-video{-o-object-fit:cover;object-fit:cover}.e-con-inner>.elementor-widget-video,.e-con>.elementor-widget-video{width:var(--container-widget-width);--flex-grow:var(--container-widget-flex-grow)}<\/style>\t\t<div class=\"elementor-wrapper elementor-open-inline\">\n\t\t\t<div class=\"elementor-video\"><\/div>\t\t<\/div>\n\t\t\t\t<\/div>\n\t\t\t\t<\/div>\n\t\t\t\t\t<\/div>\n\t\t<\/div>\n\t\t\t\t\t\t\t<\/div>\n\t\t<\/section>\n\t\t\t\t<section class=\"elementor-section elementor-top-section elementor-element elementor-element-3dc766a elementor-section-boxed elementor-section-height-default elementor-section-height-default\" data-id=\"3dc766a\" data-element_type=\"section\">\n\t\t\t\t\t\t<div class=\"elementor-container elementor-column-gap-default\">\n\t\t\t\t\t<div class=\"elementor-column elementor-col-100 elementor-top-column elementor-element elementor-element-f94797e\" data-id=\"f94797e\" data-element_type=\"column\">\n\t\t\t<div class=\"elementor-widget-wrap elementor-element-populated\">\n\t\t\t\t\t\t\t\t<div class=\"elementor-element elementor-element-a174348 elementor-widget elementor-widget-video\" data-id=\"a174348\" data-element_type=\"widget\" data-settings=\"{&quot;youtube_url&quot;:&quot;https:\\\/\\\/www.youtube.com\\\/watch?v=o73zmj-4ihc&quot;,&quot;video_type&quot;:&quot;youtube&quot;,&quot;controls&quot;:&quot;yes&quot;}\" data-widget_type=\"video.default\">\n\t\t\t\t<div class=\"elementor-widget-container\">\n\t\t\t\t\t<div class=\"elementor-wrapper elementor-open-inline\">\n\t\t\t<div class=\"elementor-video\"><\/div>\t\t<\/div>\n\t\t\t\t<\/div>\n\t\t\t\t<\/div>\n\t\t\t\t\t<\/div>\n\t\t<\/div>\n\t\t\t\t\t\t\t<\/div>\n\t\t<\/section>\n\t\t\t\t\t\t\t<\/div>\n\t\t","protected":false},"excerpt":{"rendered":"<p>Ilgaz Da\u011f\u0131 Milli Park\u0131 Ilgaz Derbent \u015eehitli\u011fi Y\u0131ld\u0131z Tepe Ilgaz Ku\u015f Bak\u0131\u015f\u0131 Ilgaz An\u0131t A\u011fac\u0131 Osman G\u00f6l\u00fc Salman H\u00f6y\u00fck K\u0131rkp\u0131nar Yaylas\u0131 Tepelice Yaylas\u0131 Gaziler K\u00f6y\u00fc Cami Ilgaz Orkidesi \u00c7eltik Tarlalar\u0131<\/p>\n","protected":false},"author":1,"featured_media":0,"parent":0,"menu_order":0,"comment_status":"closed","ping_status":"closed","template":"","meta":{"footnotes":""},"class_list":["post-228","page","type-page","status-publish","hentry"],"_links":{"self":[{"href":"https:\/\/www.ilgazyegder.org\/index.php?rest_route=\/wp\/v2\/pages\/228","targetHints":{"allow":["GET"]}}],"collection":[{"href":"https:\/\/www.ilgazyegder.org\/index.php?rest_route=\/wp\/v2\/pages"}],"about":[{"href":"https:\/\/www.ilgazyegder.org\/index.php?rest_route=\/wp\/v2\/types\/page"}],"author":[{"embeddable":true,"href":"https:\/\/www.ilgazyegder.org\/index.php?rest_route=\/wp\/v2\/users\/1"}],"replies":[{"embeddable":true,"href":"https:\/\/www.ilgazyegder.org\/index.php?rest_route=%2Fwp%2Fv2%2Fcomments&post=228"}],"version-history":[{"count":49,"href":"https:\/\/www.ilgazyegder.org\/index.php?rest_route=\/wp\/v2\/pages\/228\/revisions"}],"predecessor-version":[{"id":15660,"href":"https:\/\/www.ilgazyegder.org\/index.php?rest_route=\/wp\/v2\/pages\/228\/revisions\/15660"}],"wp:attachment":[{"href":"https:\/\/www.ilgazyegder.org\/index.php?rest_route=%2Fwp%2Fv2%2Fmedia&parent=228"}],"curies":[{"name":"wp","href":"https:\/\/api.w.org\/{rel}","templated":true}]}}