{"id":15113,"date":"2023-05-16T08:30:16","date_gmt":"2023-05-16T08:30:16","guid":{"rendered":"https:\/\/www.ilgazyegder.org\/?page_id=15113"},"modified":"2023-05-16T08:32:06","modified_gmt":"2023-05-16T08:32:06","slug":"ilgaz-dagi-milli-parki","status":"publish","type":"page","link":"https:\/\/www.ilgazyegder.org\/?page_id=15113","title":{"rendered":"Ilgaz Da\u011f\u0131 Milli Park\u0131"},"content":{"rendered":"\t\t<div data-elementor-type=\"wp-page\" data-elementor-id=\"15113\" class=\"elementor elementor-15113\">\n\t\t\t\t\t\t\t\t\t<section class=\"elementor-section elementor-top-section elementor-element elementor-element-93bc94e elementor-section-boxed elementor-section-height-default elementor-section-height-default\" data-id=\"93bc94e\" data-element_type=\"section\">\n\t\t\t\t\t\t<div class=\"elementor-container elementor-column-gap-default\">\n\t\t\t\t\t<div class=\"elementor-column elementor-col-100 elementor-top-column elementor-element elementor-element-bbd4322\" data-id=\"bbd4322\" data-element_type=\"column\">\n\t\t\t<div class=\"elementor-widget-wrap elementor-element-populated\">\n\t\t\t\t\t\t\t\t<div class=\"elementor-element elementor-element-e69b08a elementor-widget elementor-widget-image-gallery\" data-id=\"e69b08a\" data-element_type=\"widget\" data-widget_type=\"image-gallery.default\">\n\t\t\t\t<div class=\"elementor-widget-container\">\n\t\t\t<style>\/*! elementor - v3.12.2 - 23-04-2023 *\/\n.elementor-image-gallery .gallery-item{display:inline-block;text-align:center;vertical-align:top;width:100%;max-width:100%;margin:0 auto}.elementor-image-gallery .gallery-item img{margin:0 auto}.elementor-image-gallery .gallery-item .gallery-caption{margin:0}.elementor-image-gallery figure img{display:block}.elementor-image-gallery figure figcaption{width:100%}.gallery-spacing-custom .elementor-image-gallery .gallery-icon{padding:0}@media (min-width:768px){.elementor-image-gallery .gallery-columns-2 .gallery-item{max-width:50%}.elementor-image-gallery .gallery-columns-3 .gallery-item{max-width:33.33%}.elementor-image-gallery .gallery-columns-4 .gallery-item{max-width:25%}.elementor-image-gallery .gallery-columns-5 .gallery-item{max-width:20%}.elementor-image-gallery .gallery-columns-6 .gallery-item{max-width:16.666%}.elementor-image-gallery .gallery-columns-7 .gallery-item{max-width:14.28%}.elementor-image-gallery .gallery-columns-8 .gallery-item{max-width:12.5%}.elementor-image-gallery .gallery-columns-9 .gallery-item{max-width:11.11%}.elementor-image-gallery .gallery-columns-10 .gallery-item{max-width:10%}}@media (min-width:480px) and (max-width:767px){.elementor-image-gallery .gallery.gallery-columns-2 .gallery-item,.elementor-image-gallery .gallery.gallery-columns-3 .gallery-item,.elementor-image-gallery .gallery.gallery-columns-4 .gallery-item,.elementor-image-gallery .gallery.gallery-columns-5 .gallery-item,.elementor-image-gallery .gallery.gallery-columns-6 .gallery-item,.elementor-image-gallery .gallery.gallery-columns-7 .gallery-item,.elementor-image-gallery .gallery.gallery-columns-8 .gallery-item,.elementor-image-gallery .gallery.gallery-columns-9 .gallery-item,.elementor-image-gallery .gallery.gallery-columns-10 .gallery-item{max-width:50%}}@media (max-width:479px){.elementor-image-gallery .gallery.gallery-columns-2 .gallery-item,.elementor-image-gallery .gallery.gallery-columns-3 .gallery-item,.elementor-image-gallery .gallery.gallery-columns-4 .gallery-item,.elementor-image-gallery .gallery.gallery-columns-5 .gallery-item,.elementor-image-gallery .gallery.gallery-columns-6 .gallery-item,.elementor-image-gallery .gallery.gallery-columns-7 .gallery-item,.elementor-image-gallery .gallery.gallery-columns-8 .gallery-item,.elementor-image-gallery .gallery.gallery-columns-9 .gallery-item,.elementor-image-gallery .gallery.gallery-columns-10 .gallery-item{max-width:100%}}<\/style>\t\t<div class=\"elementor-image-gallery\">\n\t\t\t\n\t\t<div id='gallery-1' class='gallery galleryid-15113 gallery-columns-5 gallery-size-thumbnail'><dl class='gallery-item'>\n\t<dt class='gallery-icon landscape'>\n\t<a data-elementor-open-lightbox=\"yes\" data-elementor-lightbox-slideshow=\"e69b08a\" data-elementor-lightbox-title=\"Jura-Hotels-Ilgaz-Mountain-Resort-Genel-352844\" data-e-action-hash=\"#elementor-action%3Aaction%3Dlightbox%26settings%3DeyJpZCI6MTUxMTUsInVybCI6Imh0dHBzOlwvXC93d3cuaWxnYXp5ZWdkZXIub3JnXC93cC1jb250ZW50XC91cGxvYWRzXC8yMDIzXC8wNVwvSnVyYS1Ib3RlbHMtSWxnYXotTW91bnRhaW4tUmVzb3J0LUdlbmVsLTM1Mjg0NC5qcGciLCJzbGlkZXNob3ciOiJlNjliMDhhIn0%3D\" rel='gallery-nr'><img loading=\"lazy\" decoding=\"async\" width=\"150\" height=\"150\" src=\"https:\/\/www.ilgazyegder.org\/wp-content\/uploads\/2023\/05\/Jura-Hotels-Ilgaz-Mountain-Resort-Genel-352844-150x150.jpg\" class=\"attachment-thumbnail size-thumbnail\" alt=\"\" srcset=\"https:\/\/www.ilgazyegder.org\/wp-content\/uploads\/2023\/05\/Jura-Hotels-Ilgaz-Mountain-Resort-Genel-352844-150x150.jpg 150w, https:\/\/www.ilgazyegder.org\/wp-content\/uploads\/2023\/05\/Jura-Hotels-Ilgaz-Mountain-Resort-Genel-352844-145x145.jpg 145w, https:\/\/www.ilgazyegder.org\/wp-content\/uploads\/2023\/05\/Jura-Hotels-Ilgaz-Mountain-Resort-Genel-352844-50x50.jpg 50w\" sizes=\"auto, (max-width: 150px) 100vw, 150px\" \/><\/a>\n\t<\/dt>\n\t<dd class='wp-caption-text gallery-caption'>\n\t<div class='gallery-caption-inner'> <div class='wp-caption-text gallery-title'>\n\tJura-Hotels-Ilgaz-Mountain-Resort-Genel-352844\n\t<\/div><div class='wp-caption-text gallery-zoom no-text'>\n\t\t<a href=https:\/\/www.ilgazyegder.org\/wp-content\/uploads\/2023\/05\/Jura-Hotels-Ilgaz-Mountain-Resort-Genel-352844.jpg title='Click to view Full Image' class='icon mustang-gallery'><i class='fa fa-eye'><\/i><\/a>\n\t\t<\/div><div class='wp-caption-text gallery-redirect'>\n\t\t<a href=https:\/\/www.ilgazyegder.org\/?attachment_id=15115 title='Click to view read more' class='icon readmore'><i class='fa fa-link'><\/i><\/a>\n\t\t<\/div><\/div><\/dd><\/dl><dl class='gallery-item'>\n\t<dt class='gallery-icon landscape'>\n\t<a data-elementor-open-lightbox=\"yes\" data-elementor-lightbox-slideshow=\"e69b08a\" data-elementor-lightbox-title=\"Jura-Hotels-Ilgaz-Mountain-Resort-Genel-352843\" data-e-action-hash=\"#elementor-action%3Aaction%3Dlightbox%26settings%3DeyJpZCI6MTUxMDIsInVybCI6Imh0dHBzOlwvXC93d3cuaWxnYXp5ZWdkZXIub3JnXC93cC1jb250ZW50XC91cGxvYWRzXC8yMDIzXC8wNVwvSnVyYS1Ib3RlbHMtSWxnYXotTW91bnRhaW4tUmVzb3J0LUdlbmVsLTM1Mjg0My5qcGciLCJzbGlkZXNob3ciOiJlNjliMDhhIn0%3D\" rel='gallery-nr'><img loading=\"lazy\" decoding=\"async\" width=\"150\" height=\"150\" src=\"https:\/\/www.ilgazyegder.org\/wp-content\/uploads\/2023\/05\/Jura-Hotels-Ilgaz-Mountain-Resort-Genel-352843-150x150.jpg\" class=\"attachment-thumbnail size-thumbnail\" alt=\"\" srcset=\"https:\/\/www.ilgazyegder.org\/wp-content\/uploads\/2023\/05\/Jura-Hotels-Ilgaz-Mountain-Resort-Genel-352843-150x150.jpg 150w, https:\/\/www.ilgazyegder.org\/wp-content\/uploads\/2023\/05\/Jura-Hotels-Ilgaz-Mountain-Resort-Genel-352843-145x145.jpg 145w, https:\/\/www.ilgazyegder.org\/wp-content\/uploads\/2023\/05\/Jura-Hotels-Ilgaz-Mountain-Resort-Genel-352843-50x50.jpg 50w\" sizes=\"auto, (max-width: 150px) 100vw, 150px\" \/><\/a>\n\t<\/dt>\n\t<dd class='wp-caption-text gallery-caption'>\n\t<div class='gallery-caption-inner'> <div class='wp-caption-text gallery-title'>\n\tJura-Hotels-Ilgaz-Mountain-Resort-Genel-352843\n\t<\/div><div class='wp-caption-text gallery-zoom no-text'>\n\t\t<a href=https:\/\/www.ilgazyegder.org\/wp-content\/uploads\/2023\/05\/Jura-Hotels-Ilgaz-Mountain-Resort-Genel-352843.jpg title='Click to view Full Image' class='icon mustang-gallery'><i class='fa fa-eye'><\/i><\/a>\n\t\t<\/div><div class='wp-caption-text gallery-redirect'>\n\t\t<a href=https:\/\/www.ilgazyegder.org\/?attachment_id=15102 title='Click to view read more' class='icon readmore'><i class='fa fa-link'><\/i><\/a>\n\t\t<\/div><\/div><\/dd><\/dl><dl class='gallery-item'>\n\t<dt class='gallery-icon landscape'>\n\t<a data-elementor-open-lightbox=\"yes\" data-elementor-lightbox-slideshow=\"e69b08a\" data-elementor-lightbox-title=\"Kastamonu-Ilgaz Servet UYGUN (472)\" data-e-action-hash=\"#elementor-action%3Aaction%3Dlightbox%26settings%3DeyJpZCI6MTUxMTQsInVybCI6Imh0dHBzOlwvXC93d3cuaWxnYXp5ZWdkZXIub3JnXC93cC1jb250ZW50XC91cGxvYWRzXC8yMDIzXC8wNVwvS2FzdGFtb251LUlsZ2F6LVNlcnZldC1VWUdVTi00NzIuanBnIiwic2xpZGVzaG93IjoiZTY5YjA4YSJ9\" rel='gallery-nr'><img loading=\"lazy\" decoding=\"async\" width=\"150\" height=\"150\" src=\"https:\/\/www.ilgazyegder.org\/wp-content\/uploads\/2023\/05\/Kastamonu-Ilgaz-Servet-UYGUN-472-150x150.jpg\" class=\"attachment-thumbnail size-thumbnail\" alt=\"\" srcset=\"https:\/\/www.ilgazyegder.org\/wp-content\/uploads\/2023\/05\/Kastamonu-Ilgaz-Servet-UYGUN-472-150x150.jpg 150w, https:\/\/www.ilgazyegder.org\/wp-content\/uploads\/2023\/05\/Kastamonu-Ilgaz-Servet-UYGUN-472-145x145.jpg 145w, https:\/\/www.ilgazyegder.org\/wp-content\/uploads\/2023\/05\/Kastamonu-Ilgaz-Servet-UYGUN-472-50x50.jpg 50w\" sizes=\"auto, (max-width: 150px) 100vw, 150px\" \/><\/a>\n\t<\/dt>\n\t<dd class='wp-caption-text gallery-caption'>\n\t<div class='gallery-caption-inner'> <div class='wp-caption-text gallery-title'>\n\tKastamonu-Ilgaz Servet UYGUN (472)\n\t<\/div><div class='wp-caption-text gallery-zoom no-text'>\n\t\t<a href=https:\/\/www.ilgazyegder.org\/wp-content\/uploads\/2023\/05\/Kastamonu-Ilgaz-Servet-UYGUN-472.jpg title='Click to view Full Image' class='icon mustang-gallery'><i class='fa fa-eye'><\/i><\/a>\n\t\t<\/div><div class='wp-caption-text gallery-redirect'>\n\t\t<a href=https:\/\/www.ilgazyegder.org\/?attachment_id=15114 title='Click to view read more' class='icon readmore'><i class='fa fa-link'><\/i><\/a>\n\t\t<\/div><\/div><\/dd><\/dl><dl class='gallery-item'>\n\t<dt class='gallery-icon landscape'>\n\t<a data-elementor-open-lightbox=\"yes\" data-elementor-lightbox-slideshow=\"e69b08a\" data-elementor-lightbox-title=\"lgaz_dag\u0131 (2)-1000x600\" data-e-action-hash=\"#elementor-action%3Aaction%3Dlightbox%26settings%3DeyJpZCI6MTUxMDMsInVybCI6Imh0dHBzOlwvXC93d3cuaWxnYXp5ZWdkZXIub3JnXC93cC1jb250ZW50XC91cGxvYWRzXC8yMDIzXC8wNVwvbGdhel9kYWdpLTItMTAwMHg2MDAtMS5qcGciLCJzbGlkZXNob3ciOiJlNjliMDhhIn0%3D\" rel='gallery-nr'><img loading=\"lazy\" decoding=\"async\" width=\"150\" height=\"150\" src=\"https:\/\/www.ilgazyegder.org\/wp-content\/uploads\/2023\/05\/lgaz_dagi-2-1000x600-1-150x150.jpg\" class=\"attachment-thumbnail size-thumbnail\" alt=\"\" srcset=\"https:\/\/www.ilgazyegder.org\/wp-content\/uploads\/2023\/05\/lgaz_dagi-2-1000x600-1-150x150.jpg 150w, https:\/\/www.ilgazyegder.org\/wp-content\/uploads\/2023\/05\/lgaz_dagi-2-1000x600-1-145x145.jpg 145w, https:\/\/www.ilgazyegder.org\/wp-content\/uploads\/2023\/05\/lgaz_dagi-2-1000x600-1-50x50.jpg 50w\" sizes=\"auto, (max-width: 150px) 100vw, 150px\" \/><\/a>\n\t<\/dt>\n\t<dd class='wp-caption-text gallery-caption'>\n\t<div class='gallery-caption-inner'> <div class='wp-caption-text gallery-title'>\n\tlgaz_dag\u0131 (2)-1000&#215;600\n\t<\/div><div class='wp-caption-text gallery-zoom no-text'>\n\t\t<a href=https:\/\/www.ilgazyegder.org\/wp-content\/uploads\/2023\/05\/lgaz_dagi-2-1000x600-1.jpg title='Click to view Full Image' class='icon mustang-gallery'><i class='fa fa-eye'><\/i><\/a>\n\t\t<\/div><div class='wp-caption-text gallery-redirect'>\n\t\t<a href=https:\/\/www.ilgazyegder.org\/?attachment_id=15103 title='Click to view read more' class='icon readmore'><i class='fa fa-link'><\/i><\/a>\n\t\t<\/div><\/div><\/dd><\/dl><dl class='gallery-item'>\n\t<dt class='gallery-icon landscape'>\n\t<a data-elementor-open-lightbox=\"yes\" data-elementor-lightbox-slideshow=\"e69b08a\" data-elementor-lightbox-title=\"images\" data-e-action-hash=\"#elementor-action%3Aaction%3Dlightbox%26settings%3DeyJpZCI6MTUxMDEsInVybCI6Imh0dHBzOlwvXC93d3cuaWxnYXp5ZWdkZXIub3JnXC93cC1jb250ZW50XC91cGxvYWRzXC8yMDIzXC8wNVwvaW1hZ2VzLmpwZyIsInNsaWRlc2hvdyI6ImU2OWIwOGEifQ%3D%3D\" rel='gallery-nr'><img loading=\"lazy\" decoding=\"async\" width=\"150\" height=\"150\" src=\"https:\/\/www.ilgazyegder.org\/wp-content\/uploads\/2023\/05\/images-150x150.jpg\" class=\"attachment-thumbnail size-thumbnail\" alt=\"\" srcset=\"https:\/\/www.ilgazyegder.org\/wp-content\/uploads\/2023\/05\/images-150x150.jpg 150w, https:\/\/www.ilgazyegder.org\/wp-content\/uploads\/2023\/05\/images-145x145.jpg 145w, https:\/\/www.ilgazyegder.org\/wp-content\/uploads\/2023\/05\/images-50x50.jpg 50w\" sizes=\"auto, (max-width: 150px) 100vw, 150px\" \/><\/a>\n\t<\/dt>\n\t<dd class='wp-caption-text gallery-caption'>\n\t<div class='gallery-caption-inner'> <div class='wp-caption-text gallery-title'>\n\timages\n\t<\/div><div class='wp-caption-text gallery-zoom no-text'>\n\t\t<a href=https:\/\/www.ilgazyegder.org\/wp-content\/uploads\/2023\/05\/images.jpg title='Click to view Full Image' class='icon mustang-gallery'><i class='fa fa-eye'><\/i><\/a>\n\t\t<\/div><div class='wp-caption-text gallery-redirect'>\n\t\t<a href=https:\/\/www.ilgazyegder.org\/?attachment_id=15101 title='Click to view read more' class='icon readmore'><i class='fa fa-link'><\/i><\/a>\n\t\t<\/div><\/div><\/dd><\/dl>\n<\/div>\n\t\t<\/div>\n\t\t\t\t<\/div>\n\t\t\t\t<\/div>\n\t\t\t\t\t<\/div>\n\t\t<\/div>\n\t\t\t\t\t\t\t<\/div>\n\t\t<\/section>\n\t\t\t\t\t\t\t<\/div>\n\t\t","protected":false},"excerpt":{"rendered":"<p>Jura-Hotels-Ilgaz-Mountain-Resort-Genel-352844 Jura-Hotels-Ilgaz-Mountain-Resort-Genel-352843 Kastamonu-Ilgaz Servet UYGUN (472) lgaz_dag\u0131 (2)-1000&#215;600 images<\/p>\n","protected":false},"author":1,"featured_media":0,"parent":228,"menu_order":0,"comment_status":"closed","ping_status":"closed","template":"","meta":{"footnotes":""},"class_list":["post-15113","page","type-page","status-publish","hentry"],"_links":{"self":[{"href":"https:\/\/www.ilgazyegder.org\/index.php?rest_route=\/wp\/v2\/pages\/15113","targetHints":{"allow":["GET"]}}],"collection":[{"href":"https:\/\/www.ilgazyegder.org\/index.php?rest_route=\/wp\/v2\/pages"}],"about":[{"href":"https:\/\/www.ilgazyegder.org\/index.php?rest_route=\/wp\/v2\/types\/page"}],"author":[{"embeddable":true,"href":"https:\/\/www.ilgazyegder.org\/index.php?rest_route=\/wp\/v2\/users\/1"}],"replies":[{"embeddable":true,"href":"https:\/\/www.ilgazyegder.org\/index.php?rest_route=%2Fwp%2Fv2%2Fcomments&post=15113"}],"version-history":[{"count":7,"href":"https:\/\/www.ilgazyegder.org\/index.php?rest_route=\/wp\/v2\/pages\/15113\/revisions"}],"predecessor-version":[{"id":15124,"href":"https:\/\/www.ilgazyegder.org\/index.php?rest_route=\/wp\/v2\/pages\/15113\/revisions\/15124"}],"up":[{"embeddable":true,"href":"https:\/\/www.ilgazyegder.org\/index.php?rest_route=\/wp\/v2\/pages\/228"}],"wp:attachment":[{"href":"https:\/\/www.ilgazyegder.org\/index.php?rest_route=%2Fwp%2Fv2%2Fmedia&parent=15113"}],"curies":[{"name":"wp","href":"https:\/\/api.w.org\/{rel}","templated":true}]}}